{"id":1336,"date":"2019-08-15T10:28:54","date_gmt":"2019-08-15T10:28:54","guid":{"rendered":"http:\/\/rhum-saintjames.com\/masterclass-degustation\/"},"modified":"2022-07-25T17:17:33","modified_gmt":"2022-07-25T16:17:33","slug":"masterclass-degustation","status":"publish","type":"page","link":"https:\/\/rhum-saintjames.com\/mq\/masterclass-degustation\/","title":{"rendered":"Masterclass D\u00e9gustation"},"content":{"rendered":"<p>[vc_row][vc_column]\n<div class=\"masterclass-area  \">\n\n            <div class=\"image bg\" style=\"background-image: url('https:\/\/rhum-saintjames.com\/wp-content\/uploads\/2021\/08\/PrelevementFut@danbeal.jpg')\">\n                    <\/div>\n    \n    <div class=\"info\">\n\n                    <h2 class=\"title uppercase\">\n                D\u00c9GUSTER EST UN MOMENT PRIVIL\u00c9GI\u00c9            <\/h2>\n        \n        \n                    <blockquote class=\"quote\">\n                \u00ab D\u00e9guster est un moment privil\u00e9gi\u00e9 o\u00f9 l\u2019\u00e9picurisme peut atteindre des sommets. Cet instant un peu magique est \u00e0 la port\u00e9e de tout le monde, \u00e0 condition toutefois de prendre son temps, d\u2019avoir les sens en \u00e9veil et l\u2019esprit de d\u00e9couverte, de vouloir s\u2019initier \u00e0 cet art et d\u2019en respecter les \u00e9tapes. Ce n\u2019est pas tr\u00e8s compliqu\u00e9 et avec le rhum agricole, on touche au plus haut niveau de la m\u00e9thode. \u00bb            <\/blockquote>\n        \n                    <div class=\"legend\">\n                Marc Sassier, \u0153nologue et responsable<br \/>\nde production des rhums SAINT JAMES            <\/div>\n        \n        \n        \n    <\/div>\n\n<\/div>\n\n[\/vc_column][\/vc_row][vc_row][vc_column]\n<div class=\"masterclass-area  no-image\">\n\n    \n    <div class=\"info\">\n\n                    <h2 class=\"title uppercase\">\n                Quel verre utiliser ?            <\/h2>\n        \n                    <div class=\"description\">\n                Je recommande d\u2019utiliser un verre \u00ab tulipe \u00bb,<br \/>\ndont le f\u00fbt \u00e9troit permet de maximiser l\u2019intensit\u00e9 des ar\u00f4mes. On peut \u00e9ventuellement utiliser<br \/>\ndes verres \u00e0 digestif, du moment que leur galbe permet le rassemblement des parfums.            <\/div>\n        \n        \n        \n        \n        \n    <\/div>\n\n<\/div>\n\n[\/vc_column][\/vc_row][vc_row][vc_column]\n<div class=\"masterclass-area  \">\n\n            <div class=\"image bg\" style=\"background-image: url('https:\/\/rhum-saintjames.com\/wp-content\/uploads\/2021\/08\/VieuxVOetVSOP_SAINTJAMES_MaitreDeChais_MarcSASSIER@danbeal.jpg')\">\n                            <div class=\"content\">\n                    <div class=\"overlay\" style=\"background: #b70501\"><\/div>\n\n                    <div class=\"title\">\n                        LA                    <\/div>\n\n                    <h2 class=\"sub\">\n                        ROBE                    <\/h2>\n                <\/div>\n                    <\/div>\n    \n    <div class=\"info\">\n\n        \n                    <div class=\"description\">\n                Du clair au sombre, la couleur peut vous donner une information quant \u00e0 l\u2019\u00e2ge du rhum. Vous pouvez \u00e9galement regarder comment il agit dans le verre, ce qui montre sa fluidit\u00e9.            <\/div>\n        \n                    <blockquote class=\"quote\">\n                \u00ab Un bon rhum n\u2019est pas trouble. Quant \u00e0 sa teinte, elle va de l\u2019incolore pour les rhums blancs \u00e0 des teintes oscillant du paille \u00e0 l\u2019ambr\u00e9 pour un temps de s\u00e9jour court en foudres de ch\u00eane, jusqu\u2019\u00e0 acajou plus ou moins fonc\u00e9 pouvant tirer vers le brun sombre selon la dur\u00e9e de vieillissement en f\u00fbts. \u00bb            <\/blockquote>\n        \n        \n                    <img decoding=\"async\" src=\"https:\/\/rhum-saintjames.com\/wp-content\/uploads\/2019\/09\/masterclas2b.png\" alt=\"\"\/>\n        \n        \n    <\/div>\n\n<\/div>\n\n[\/vc_column][\/vc_row][vc_row][vc_column]\n<div class=\"masterclass-area alternate \">\n\n            <div class=\"image bg\" style=\"background-image: url('https:\/\/rhum-saintjames.com\/wp-content\/uploads\/2021\/08\/MaitreDeChais_MarcSASSIER2@danbeal.jpg')\">\n                            <div class=\"content\">\n                    <div class=\"overlay\" style=\"background: #c68547\"><\/div>\n\n                    <div class=\"title\">\n                        LE                    <\/div>\n\n                    <h2 class=\"sub\">\n                        NEZ                    <\/h2>\n                <\/div>\n                    <\/div>\n    \n    <div class=\"info\">\n\n        \n                    <div class=\"description\">\n                Le nez donne les caract\u00e9ristiques aromatiques du rhum.<br \/>\nD\u2019abord, sentez sans tourner le verre pour d\u00e9couvrir les ar\u00f4mes primaires.<br \/>\nPuis, vous pouvez faire tourbillonner le rhum pour laisser s\u2019\u00e9chapper les ar\u00f4mes secondaires. Au dernier moment de l\u2019agitation, il faut pencher le verre et sentir le haut du verre, car les ar\u00f4mes prennent le plus court chemin pour s\u2019exprimer.<br \/>\nC\u2019est donc en sortie haute que le nez captera un maximum d\u2019ar\u00f4mes.            <\/div>\n        \n                    <blockquote class=\"quote\">\n                \u00ab Pour d\u00e9couvrir toutes les senteurs, patientez entre les deux phases pour \u00e9viter une saturation de votre odorat. L\u2019agitation vigoureuse avant la deuxi\u00e8me \u00e9tape permet d\u2019extraire le maximum d\u2019alcool, de fa\u00e7on \u00e0 ne laisser que les ar\u00f4mes ressurgir car ils sont moins volatiles et plus lourd que l\u2019alcool. \u00bb            <\/blockquote>\n        \n        \n        \n        \n    <\/div>\n\n<\/div>\n\n[\/vc_column][\/vc_row][vc_row][vc_column]\n<div class=\"masterclass-area  \">\n\n            <div class=\"image bg\" style=\"background-image: url('https:\/\/rhum-saintjames.com\/wp-content\/uploads\/2019\/09\/masterclass4.jpg')\">\n                            <div class=\"content\">\n                    <div class=\"overlay\" style=\"background: #84664c\"><\/div>\n\n                    <div class=\"title\">\n                        LE                    <\/div>\n\n                    <h2 class=\"sub\">\n                        PALAIS                    <\/h2>\n                <\/div>\n                    <\/div>\n    \n    <div class=\"info\">\n\n        \n                    <div class=\"description\">\n                La d\u00e9couverte en bouche se d\u00e9roule en trois phases :<br \/>\n- La premi\u00e8re impression s\u2019appelle \u201cl\u2019attaque\u201d, c\u2019est \u00e0 ce moment qu\u2019on remarque<br \/>\nla texture et l\u2019\u00e9quilibre du rhum.<br \/>\n- Puis, on d\u00e9couvre les saveurs et la typicit\u00e9 du rhum en bouche.<br \/>\n- Enfin, les saveurs qui subsistent et le devenir des ar\u00f4mes, qui forment \u00ab la finale \u00bb.            <\/div>\n        \n                    <blockquote class=\"quote\">\n                \u00ab Si le go\u00fbt de l\u2019alcool est trop prononc\u00e9, ajoutez quelques gouttes d\u2019eau min\u00e9rale. \u00bb            <\/blockquote>\n        \n        \n        \n                    <div class=\"popup\">\n                <img decoding=\"async\" src=\"https:\/\/rhum-saintjames.com\/wp-content\/uploads\/2019\/09\/masterclass-popup.png\" alt=\"\"\/>\n\n                <a class=\"btn btn-info-details toggle-single\" data-target=\".popup-masterclass-2017785422\">\n                    VOIR LE D\u00c9TAIL                <\/a>\n            <\/div>\n        \n    <\/div>\n\n<\/div>\n\n    <div class=\"popup-wrapper popup-masterclass popup-masterclass-2017785422\">\n        <div class=\"overlay close-btn\"><\/div>\n\n        <div class=\"popup bg\">\n            <a class=\"close close-btn\">\n                <img decoding=\"async\" src=\"https:\/\/rhum-saintjames.com\/wp-content\/themes\/st-james\/img\/x.svg\" alt=\"close\"\/>\n            <\/a>\n\n            <img decoding=\"async\" src=\"https:\/\/rhum-saintjames.com\/wp-content\/uploads\/2019\/09\/masterclass-popup.png\" alt=\"\"\/>\n        <\/div>\n    <\/div>\n[\/vc_column][\/vc_row][vc_row][vc_column]\n<div class=\"masterclass-area  no-image\">\n\n    \n    <div class=\"info\">\n\n                    <h2 class=\"title uppercase\">\n                Conseils de conservation            <\/h2>\n        \n                    <div class=\"description\">\n                Nous recommandons de conserver votre rhum SAINT JAMES \u00e0 la verticale, \u00e0 l\u2019abri de l\u2019air et de la lumi\u00e8re.<br \/>\nEn effet, la position couch\u00e9e est \u00e0 proscrire : d\u2019une part le rhum n\u2019a pas besoin de vieillir comme un vin, et si la bouteille est dot\u00e9e d\u2019un bouchon en li\u00e8ge,<br \/>\nl\u2019alcool a la facult\u00e9 de d\u00e9structurer les composants du li\u00e8ge et de l\u2019effriter, ce qui entra\u00eene le risque de voir s\u2019\u00e9couler le pr\u00e9cieux liquide.<\/p>\n<p>Aussi, l\u2019alcool ayant la propri\u00e9t\u00e9 d\u2019absorber les odeurs, il faut \u00e9viter de stocker les bouteilles \u00e0 proximit\u00e9 de produits fortement odorants.            <\/div>\n        \n        \n        \n        \n        \n    <\/div>\n\n<\/div>\n\n[\/vc_column][\/vc_row]<\/p>\n","protected":false},"excerpt":{"rendered":"<p>[vc_row][vc_column][\/vc_column][\/vc_row][vc_row][vc_column][\/vc_column][\/vc_row][vc_row][vc_column][\/vc_column][\/vc_row][vc_row][vc_column][\/vc_column][\/vc_row][vc_row][vc_column][\/vc_column][\/vc_row][vc_row][vc_column][\/vc_column][\/vc_row]<\/p>\n","protected":false},"author":1,"featured_media":1338,"parent":0,"menu_order":43,"comment_status":"closed","ping_status":"closed","template":"template-masterclass.php","meta":{"footnotes":""},"class_list":["post-1336","page","type-page","status-publish","has-post-thumbnail","hentry"],"yoast_head":"<!-- This site is optimized with the Yoast SEO plugin v27.3 - https:\/\/yoast.com\/product\/yoast-seo-wordpress\/ -->\n<title>Masterclass D\u00e9gustation - Rhum Saint James<\/title>\n<meta name=\"robots\" content=\"index, follow, max-snippet:-1, max-image-preview:large, max-video-preview:-1\" \/>\n<link rel=\"canonical\" href=\"https:\/\/rhum-saintjames.com\/masterclass-degustation\/\" \/>\n<meta property=\"og:locale\" content=\"fr_FR\" \/>\n<meta property=\"og:type\" content=\"article\" \/>\n<meta property=\"og:title\" content=\"Masterclass D\u00e9gustation - Rhum Saint James\" \/>\n<meta property=\"og:description\" content=\"[vc_row][vc_column][\/vc_column][\/vc_row][vc_row][vc_column][\/vc_column][\/vc_row][vc_row][vc_column][\/vc_column][\/vc_row][vc_row][vc_column][\/vc_column][\/vc_row][vc_row][vc_column][\/vc_column][\/vc_row][vc_row][vc_column][\/vc_column][\/vc_row]\" \/>\n<meta property=\"og:url\" content=\"https:\/\/rhum-saintjames.com\/masterclass-degustation\/\" \/>\n<meta property=\"og:site_name\" content=\"Rhum Saint James\" \/>\n<meta property=\"article:modified_time\" content=\"2022-07-25T16:17:33+00:00\" \/>\n<meta property=\"og:image\" content=\"https:\/\/rhum-saintjames.com\/wp-content\/uploads\/2019\/09\/bg-masterclass.jpg\" \/>\n\t<meta property=\"og:image:width\" content=\"1440\" \/>\n\t<meta property=\"og:image:height\" content=\"550\" \/>\n\t<meta property=\"og:image:type\" content=\"image\/jpeg\" \/>\n<meta name=\"twitter:card\" content=\"summary_large_image\" \/>\n<meta name=\"twitter:label1\" content=\"Est. reading time\" \/>\n\t<meta name=\"twitter:data1\" content=\"3 minutes\" \/>\n<script type=\"application\/ld+json\" class=\"yoast-schema-graph\">{\"@context\":\"https:\\\/\\\/schema.org\",\"@graph\":[{\"@type\":\"WebPage\",\"@id\":\"https:\\\/\\\/rhum-saintjames.com\\\/masterclass-degustation\\\/\",\"url\":\"https:\\\/\\\/rhum-saintjames.com\\\/masterclass-degustation\\\/\",\"name\":\"Masterclass D\u00e9gustation - Rhum Saint James\",\"isPartOf\":{\"@id\":\"https:\\\/\\\/rhum-saintjames.com\\\/#website\"},\"primaryImageOfPage\":{\"@id\":\"https:\\\/\\\/rhum-saintjames.com\\\/masterclass-degustation\\\/#primaryimage\"},\"image\":{\"@id\":\"https:\\\/\\\/rhum-saintjames.com\\\/masterclass-degustation\\\/#primaryimage\"},\"thumbnailUrl\":\"https:\\\/\\\/rhum-saintjames.com\\\/wp-content\\\/uploads\\\/2019\\\/09\\\/bg-masterclass.jpg\",\"datePublished\":\"2019-08-15T10:28:54+00:00\",\"dateModified\":\"2022-07-25T16:17:33+00:00\",\"breadcrumb\":{\"@id\":\"https:\\\/\\\/rhum-saintjames.com\\\/masterclass-degustation\\\/#breadcrumb\"},\"inLanguage\":\"fr-MARTINIQUE\",\"potentialAction\":[{\"@type\":\"ReadAction\",\"target\":[\"https:\\\/\\\/rhum-saintjames.com\\\/masterclass-degustation\\\/\"]}]},{\"@type\":\"ImageObject\",\"inLanguage\":\"fr-MARTINIQUE\",\"@id\":\"https:\\\/\\\/rhum-saintjames.com\\\/masterclass-degustation\\\/#primaryimage\",\"url\":\"https:\\\/\\\/rhum-saintjames.com\\\/wp-content\\\/uploads\\\/2019\\\/09\\\/bg-masterclass.jpg\",\"contentUrl\":\"https:\\\/\\\/rhum-saintjames.com\\\/wp-content\\\/uploads\\\/2019\\\/09\\\/bg-masterclass.jpg\",\"width\":1440,\"height\":550},{\"@type\":\"BreadcrumbList\",\"@id\":\"https:\\\/\\\/rhum-saintjames.com\\\/masterclass-degustation\\\/#breadcrumb\",\"itemListElement\":[{\"@type\":\"ListItem\",\"position\":1,\"name\":\"Accueil\",\"item\":\"https:\\\/\\\/rhum-saintjames.com\\\/mq\\\/\"},{\"@type\":\"ListItem\",\"position\":2,\"name\":\"Masterclass D\u00e9gustation\"}]},{\"@type\":\"WebSite\",\"@id\":\"https:\\\/\\\/rhum-saintjames.com\\\/#website\",\"url\":\"https:\\\/\\\/rhum-saintjames.com\\\/\",\"name\":\"Rhum Saint James\",\"description\":\"Pure Canne depuis 1765\",\"potentialAction\":[{\"@type\":\"SearchAction\",\"target\":{\"@type\":\"EntryPoint\",\"urlTemplate\":\"https:\\\/\\\/rhum-saintjames.com\\\/?s={search_term_string}\"},\"query-input\":{\"@type\":\"PropertyValueSpecification\",\"valueRequired\":true,\"valueName\":\"search_term_string\"}}],\"inLanguage\":\"fr-MARTINIQUE\"}]}<\/script>\n<!-- \/ Yoast SEO plugin. -->","yoast_head_json":{"title":"Masterclass D\u00e9gustation - Rhum Saint James","robots":{"index":"index","follow":"follow","max-snippet":"max-snippet:-1","max-image-preview":"max-image-preview:large","max-video-preview":"max-video-preview:-1"},"canonical":"https:\/\/rhum-saintjames.com\/masterclass-degustation\/","og_locale":"fr_FR","og_type":"article","og_title":"Masterclass D\u00e9gustation - Rhum Saint James","og_description":"[vc_row][vc_column][\/vc_column][\/vc_row][vc_row][vc_column][\/vc_column][\/vc_row][vc_row][vc_column][\/vc_column][\/vc_row][vc_row][vc_column][\/vc_column][\/vc_row][vc_row][vc_column][\/vc_column][\/vc_row][vc_row][vc_column][\/vc_column][\/vc_row]","og_url":"https:\/\/rhum-saintjames.com\/masterclass-degustation\/","og_site_name":"Rhum Saint James","article_modified_time":"2022-07-25T16:17:33+00:00","og_image":[{"width":1440,"height":550,"url":"https:\/\/rhum-saintjames.com\/wp-content\/uploads\/2019\/09\/bg-masterclass.jpg","type":"image\/jpeg"}],"twitter_card":"summary_large_image","twitter_misc":{"Est. reading time":"3 minutes"},"schema":{"@context":"https:\/\/schema.org","@graph":[{"@type":"WebPage","@id":"https:\/\/rhum-saintjames.com\/masterclass-degustation\/","url":"https:\/\/rhum-saintjames.com\/masterclass-degustation\/","name":"Masterclass D\u00e9gustation - Rhum Saint James","isPartOf":{"@id":"https:\/\/rhum-saintjames.com\/#website"},"primaryImageOfPage":{"@id":"https:\/\/rhum-saintjames.com\/masterclass-degustation\/#primaryimage"},"image":{"@id":"https:\/\/rhum-saintjames.com\/masterclass-degustation\/#primaryimage"},"thumbnailUrl":"https:\/\/rhum-saintjames.com\/wp-content\/uploads\/2019\/09\/bg-masterclass.jpg","datePublished":"2019-08-15T10:28:54+00:00","dateModified":"2022-07-25T16:17:33+00:00","breadcrumb":{"@id":"https:\/\/rhum-saintjames.com\/masterclass-degustation\/#breadcrumb"},"inLanguage":"fr-MARTINIQUE","potentialAction":[{"@type":"ReadAction","target":["https:\/\/rhum-saintjames.com\/masterclass-degustation\/"]}]},{"@type":"ImageObject","inLanguage":"fr-MARTINIQUE","@id":"https:\/\/rhum-saintjames.com\/masterclass-degustation\/#primaryimage","url":"https:\/\/rhum-saintjames.com\/wp-content\/uploads\/2019\/09\/bg-masterclass.jpg","contentUrl":"https:\/\/rhum-saintjames.com\/wp-content\/uploads\/2019\/09\/bg-masterclass.jpg","width":1440,"height":550},{"@type":"BreadcrumbList","@id":"https:\/\/rhum-saintjames.com\/masterclass-degustation\/#breadcrumb","itemListElement":[{"@type":"ListItem","position":1,"name":"Accueil","item":"https:\/\/rhum-saintjames.com\/mq\/"},{"@type":"ListItem","position":2,"name":"Masterclass D\u00e9gustation"}]},{"@type":"WebSite","@id":"https:\/\/rhum-saintjames.com\/#website","url":"https:\/\/rhum-saintjames.com\/","name":"Rhum Saint James","description":"Pure Canne depuis 1765","potentialAction":[{"@type":"SearchAction","target":{"@type":"EntryPoint","urlTemplate":"https:\/\/rhum-saintjames.com\/?s={search_term_string}"},"query-input":{"@type":"PropertyValueSpecification","valueRequired":true,"valueName":"search_term_string"}}],"inLanguage":"fr-MARTINIQUE"}]}},"_links":{"self":[{"href":"https:\/\/rhum-saintjames.com\/mq\/wp-json\/wp\/v2\/pages\/1336","targetHints":{"allow":["GET"]}}],"collection":[{"href":"https:\/\/rhum-saintjames.com\/mq\/wp-json\/wp\/v2\/pages"}],"about":[{"href":"https:\/\/rhum-saintjames.com\/mq\/wp-json\/wp\/v2\/types\/page"}],"author":[{"embeddable":true,"href":"https:\/\/rhum-saintjames.com\/mq\/wp-json\/wp\/v2\/users\/1"}],"replies":[{"embeddable":true,"href":"https:\/\/rhum-saintjames.com\/mq\/wp-json\/wp\/v2\/comments?post=1336"}],"version-history":[{"count":0,"href":"https:\/\/rhum-saintjames.com\/mq\/wp-json\/wp\/v2\/pages\/1336\/revisions"}],"wp:featuredmedia":[{"embeddable":true,"href":"https:\/\/rhum-saintjames.com\/mq\/wp-json\/wp\/v2\/media\/1338"}],"wp:attachment":[{"href":"https:\/\/rhum-saintjames.com\/mq\/wp-json\/wp\/v2\/media?parent=1336"}],"curies":[{"name":"wp","href":"https:\/\/api.w.org\/{rel}","templated":true}]}}